{"id":94,"date":"2021-09-08T18:49:07","date_gmt":"2021-09-08T16:49:07","guid":{"rendered":"https:\/\/krefeld.fau.org\/?page_id=94"},"modified":"2021-09-08T18:59:50","modified_gmt":"2021-09-08T16:59:50","slug":"__trashed","status":"publish","type":"page","link":"https:\/\/krefeld.fau.org\/?page_id=94","title":{"rendered":"Podcast und Videos"},"content":{"rendered":"\n<hr class=\"wp-block-separator\"\/>\n\n\n\n<h2 class=\"wp-block-heading\">Podcast<\/h2>\n\n\n<script class=\"podigee-podcast-player\" src=\"https:\/\/player.podigee-cdn.net\/podcast-player\/javascripts\/podigee-podcast-player.js\" data-configuration=\"https:\/\/faukrefeld.podigee.io\/2-2-altenpflege\/embed?context=external\"><\/script>\n\n\n<script class=\"podigee-podcast-player\" src=\"https:\/\/player.podigee-cdn.net\/podcast-player\/javascripts\/podigee-podcast-player.js\" data-configuration=\"https:\/\/faukrefeld.podigee.io\/1-harzt4\/embed?context=external\"><\/script>\n\n\n\n<hr class=\"wp-block-separator\"\/>\n\n\n\n<h2 class=\"wp-block-heading\">Videos der FAU-Krefeld<\/h2>\n\n\n\n<figure class=\"wp-block-embed is-type-video is-provider-youtube wp-block-embed-youtube wp-embed-aspect-16-9 wp-has-aspect-ratio\"><div class=\"wp-block-embed__wrapper\">\n<iframe loading=\"lazy\" title=\"FAUKr Redebeitrag 26-04-2021\" width=\"580\" height=\"326\" src=\"https:\/\/www.youtube.com\/embed\/TP_tto1QElM?feature=oembed\" frameborder=\"0\" allow=\"accelerometer; autoplay; clipboard-write; encrypted-media; gyroscope; picture-in-picture; web-share\" referrerpolicy=\"strict-origin-when-cross-origin\" allowfullscreen><\/iframe>\n<\/div><figcaption>Bei der Demonstration einen B\u00fcndnisses vom 26.05.2021, hielt die FAU-Krefeld einen Redebeitrag zu Corona und Pflegefachkr\u00e4fte.<\/figcaption><\/figure>\n\n\n\n<figure class=\"wp-block-embed is-type-video is-provider-youtube wp-block-embed-youtube wp-embed-aspect-16-9 wp-has-aspect-ratio\"><div class=\"wp-block-embed__wrapper\">\n<iframe loading=\"lazy\" title=\"Rede zu den Bornheim Streiks - FAU Krefeld\" width=\"580\" height=\"326\" src=\"https:\/\/www.youtube.com\/embed\/BIkvl2oz8xU?feature=oembed\" frameborder=\"0\" allow=\"accelerometer; autoplay; clipboard-write; encrypted-media; gyroscope; picture-in-picture; web-share\" referrerpolicy=\"strict-origin-when-cross-origin\" allowfullscreen><\/iframe>\n<\/div><figcaption>Anl\u00e4sslich der Arbeitsk\u00e4mper*innen von Spargelerntehelfer*innen und Erdbeerpfl\u00fccker*innen, hat die FAU Krefeld im Anarchistischen Freiraumprojekt H5, eine Rede gehalten.<\/figcaption><\/figure>\n","protected":false},"excerpt":{"rendered":"<p>Podcast Videos der FAU-Krefeld<\/p>\n","protected":false},"author":1,"featured_media":0,"parent":0,"menu_order":0,"comment_status":"closed","ping_status":"closed","template":"","meta":{"footnotes":""},"class_list":["post-94","page","type-page","status-publish","hentry"],"_links":{"self":[{"href":"https:\/\/krefeld.fau.org\/index.php?rest_route=\/wp\/v2\/pages\/94","targetHints":{"allow":["GET"]}}],"collection":[{"href":"https:\/\/krefeld.fau.org\/index.php?rest_route=\/wp\/v2\/pages"}],"about":[{"href":"https:\/\/krefeld.fau.org\/index.php?rest_route=\/wp\/v2\/types\/page"}],"author":[{"embeddable":true,"href":"https:\/\/krefeld.fau.org\/index.php?rest_route=\/wp\/v2\/users\/1"}],"replies":[{"embeddable":true,"href":"https:\/\/krefeld.fau.org\/index.php?rest_route=%2Fwp%2Fv2%2Fcomments&post=94"}],"version-history":[{"count":6,"href":"https:\/\/krefeld.fau.org\/index.php?rest_route=\/wp\/v2\/pages\/94\/revisions"}],"predecessor-version":[{"id":109,"href":"https:\/\/krefeld.fau.org\/index.php?rest_route=\/wp\/v2\/pages\/94\/revisions\/109"}],"wp:attachment":[{"href":"https:\/\/krefeld.fau.org\/index.php?rest_route=%2Fwp%2Fv2%2Fmedia&parent=94"}],"curies":[{"name":"wp","href":"https:\/\/api.w.org\/{rel}","templated":true}]}}