{"id":2,"date":"2021-03-05T13:10:27","date_gmt":"2021-03-05T12:10:27","guid":{"rendered":"https:\/\/krefeld.fau.org\/?page_id=2"},"modified":"2021-04-18T13:54:43","modified_gmt":"2021-04-18T11:54:43","slug":"beispiel-seite","status":"publish","type":"page","link":"https:\/\/krefeld.fau.org\/?page_id=2","title":{"rendered":"Veranstaltungen"},"content":{"rendered":"\n<h4 class=\"wp-block-heading\">Zu Zeiten von Corona<br><\/h4>\n\n\n\n<p>In Zeiter der Corona-Pandemie haben wir uns nach langer Zeit endschieden, den ASS wieder aufzunehmen. Mit Maske und 1,5 m Abstand.<\/p>\n\n\n\n<h4 class=\"has-text-align-center wp-block-heading\">Anarcho-Syndikalistischer-Stammtisch<\/h4>\n\n\n\n<p class=\"has-text-align-center\">Der ASS ist f\u00fcr euch die m\u00f6glichkeit in einer ungezwungenen Atmosph\u00e4re uns kennen zu lernen und \u00fcber probleme auf der Arbeit o.\u00e4. zu sprechen.<\/p>\n\n\n\n<h4 class=\"has-text-align-right wp-block-heading\">Erster Mittwoch im Monat<\/h4>\n\n\n\n<p class=\"has-text-align-right\">im <strong>H5<\/strong> in der Hardenbergstr.5 in Krefeld k\u00f6nnt Ihr uns antreffen.<br>Ab 17 Uhr k\u00f6nnen wir im Hinterhof an der Frischen Luft <br>gemeinsam Quatschen und uns Kennenlernen.<\/p>\n\n\n\n<figure class=\"wp-block-gallery columns-1 is-cropped wp-block-gallery-1 is-layout-flex wp-block-gallery-is-layout-flex\"><ul class=\"blocks-gallery-grid\"><li class=\"blocks-gallery-item\"><figure><img loading=\"lazy\" decoding=\"async\" width=\"724\" height=\"1024\" src=\"https:\/\/krefeld.fau.org\/wp-content\/uploads\/2021\/03\/ASS-ersten-Mi-724x1024.jpg\" alt=\"\" data-id=\"43\" data-full-url=\"https:\/\/krefeld.fau.org\/wp-content\/uploads\/2021\/03\/ASS-ersten-Mi-scaled.jpg\" data-link=\"https:\/\/krefeld.fau.org\/?attachment_id=43\" class=\"wp-image-43\" srcset=\"https:\/\/krefeld.fau.org\/wp-content\/uploads\/2021\/03\/ASS-ersten-Mi-724x1024.jpg 724w, https:\/\/krefeld.fau.org\/wp-content\/uploads\/2021\/03\/ASS-ersten-Mi-212x300.jpg 212w, https:\/\/krefeld.fau.org\/wp-content\/uploads\/2021\/03\/ASS-ersten-Mi-768x1086.jpg 768w, https:\/\/krefeld.fau.org\/wp-content\/uploads\/2021\/03\/ASS-ersten-Mi-1086x1536.jpg 1086w, https:\/\/krefeld.fau.org\/wp-content\/uploads\/2021\/03\/ASS-ersten-Mi-1448x2048.jpg 1448w, https:\/\/krefeld.fau.org\/wp-content\/uploads\/2021\/03\/ASS-ersten-Mi-1200x1697.jpg 1200w, https:\/\/krefeld.fau.org\/wp-content\/uploads\/2021\/03\/ASS-ersten-Mi-1980x2801.jpg 1980w, https:\/\/krefeld.fau.org\/wp-content\/uploads\/2021\/03\/ASS-ersten-Mi-scaled.jpg 1810w\" sizes=\"auto, (max-width: 724px) 100vw, 724px\" \/><\/figure><\/li><\/ul><\/figure>\n\n\n\n<h4 class=\"wp-block-heading\">Du m\u00f6chtest die FAU-Krefeld kennenlernen?<br><\/h4>\n\n\n\n<p>Immer am ersten Mittwoch im Monat veranstalten wir den Anarcho Syndikalistischen Stammtisch, eine m\u00f6glichkeit zum lockeren kennenlernen und quatschen. Bei Kaffee\/Tee und Geb\u00e4ck im H5 von 17-18 Uhr, bei bedarf auch l\u00e4nger xD<\/p>\n\n\n\n<h2 class=\"wp-block-heading\">Vortr\u00e4ge und Redebeitr\u00e4ge<\/h2>\n\n\n\n<ul class=\"wp-block-social-links has-large-icon-size is-style-pill-shape is-layout-flex wp-block-social-links-is-layout-flex\"><li class=\"wp-social-link wp-social-link-chain  wp-block-social-link\"><a rel=\"noopener nofollow\" target=\"_blank\" href=\"https:\/\/agkrefeld.org\" class=\"wp-block-social-link-anchor\"><svg width=\"24\" height=\"24\" viewBox=\"0 0 24 24\" version=\"1.1\" xmlns=\"http:\/\/www.w3.org\/2000\/svg\" aria-hidden=\"true\" focusable=\"false\"><path d=\"M15.6,7.2H14v1.5h1.6c2,0,3.7,1.7,3.7,3.7s-1.7,3.7-3.7,3.7H14v1.5h1.6c2.8,0,5.2-2.3,5.2-5.2,0-2.9-2.3-5.2-5.2-5.2zM4.7,12.4c0-2,1.7-3.7,3.7-3.7H10V7.2H8.4c-2.9,0-5.2,2.3-5.2,5.2,0,2.9,2.3,5.2,5.2,5.2H10v-1.5H8.4c-2,0-3.7-1.7-3.7-3.7zm4.6.9h5.3v-1.5H9.3v1.5z\"><\/path><\/svg><span class=\"wp-block-social-link-label screen-reader-text\">agkrefeld.org<\/span><\/a><\/li>\n\n<li class=\"wp-social-link wp-social-link-youtube  wp-block-social-link\"><a rel=\"noopener nofollow\" target=\"_blank\" href=\"https:\/\/www.youtube.com\/channel\/UCiZZSicHFp4NJp5MpTs9kcA\" class=\"wp-block-social-link-anchor\"><svg width=\"24\" height=\"24\" viewBox=\"0 0 24 24\" version=\"1.1\" xmlns=\"http:\/\/www.w3.org\/2000\/svg\" aria-hidden=\"true\" focusable=\"false\"><path d=\"M21.8,8.001c0,0-0.195-1.378-0.795-1.985c-0.76-0.797-1.613-0.801-2.004-0.847c-2.799-0.202-6.997-0.202-6.997-0.202 h-0.009c0,0-4.198,0-6.997,0.202C4.608,5.216,3.756,5.22,2.995,6.016C2.395,6.623,2.2,8.001,2.2,8.001S2,9.62,2,11.238v1.517 c0,1.618,0.2,3.237,0.2,3.237s0.195,1.378,0.795,1.985c0.761,0.797,1.76,0.771,2.205,0.855c1.6,0.153,6.8,0.201,6.8,0.201 s4.203-0.006,7.001-0.209c0.391-0.047,1.243-0.051,2.004-0.847c0.6-0.607,0.795-1.985,0.795-1.985s0.2-1.618,0.2-3.237v-1.517 C22,9.62,21.8,8.001,21.8,8.001z M9.935,14.594l-0.001-5.62l5.404,2.82L9.935,14.594z\"><\/path><\/svg><span class=\"wp-block-social-link-label screen-reader-text\">YouTube<\/span><\/a><\/li><\/ul>\n\n\n\n<p>Gemeinsam mit der Anarchistischen Gruppe Krefeld (AGKr) betreiben wir einen gemeinsamen Youtube Kanal. Dies ist f\u00fcr uns eine m\u00f6glichkeit in Pandemiezeiten gemeinsam etwas zu Lernen.<\/p>\n","protected":false},"excerpt":{"rendered":"<p>Zu Zeiten von Corona In Zeiter der Corona-Pandemie haben wir uns nach langer Zeit endschieden, den ASS wieder aufzunehmen. Mit Maske und 1,5 m Abstand. Anarcho-Syndikalistischer-Stammtisch Der ASS ist f\u00fcr euch die m\u00f6glichkeit in einer ungezwungenen Atmosph\u00e4re uns kennen zu lernen und \u00fcber probleme auf der Arbeit o.\u00e4. zu sprechen. Erster Mittwoch im Monat im [&hellip;]<\/p>\n","protected":false},"author":1,"featured_media":90,"parent":0,"menu_order":0,"comment_status":"closed","ping_status":"open","template":"","meta":{"footnotes":""},"class_list":["post-2","page","type-page","status-publish","has-post-thumbnail","hentry"],"_links":{"self":[{"href":"https:\/\/krefeld.fau.org\/index.php?rest_route=\/wp\/v2\/pages\/2","targetHints":{"allow":["GET"]}}],"collection":[{"href":"https:\/\/krefeld.fau.org\/index.php?rest_route=\/wp\/v2\/pages"}],"about":[{"href":"https:\/\/krefeld.fau.org\/index.php?rest_route=\/wp\/v2\/types\/page"}],"author":[{"embeddable":true,"href":"https:\/\/krefeld.fau.org\/index.php?rest_route=\/wp\/v2\/users\/1"}],"replies":[{"embeddable":true,"href":"https:\/\/krefeld.fau.org\/index.php?rest_route=%2Fwp%2Fv2%2Fcomments&post=2"}],"version-history":[{"count":7,"href":"https:\/\/krefeld.fau.org\/index.php?rest_route=\/wp\/v2\/pages\/2\/revisions"}],"predecessor-version":[{"id":91,"href":"https:\/\/krefeld.fau.org\/index.php?rest_route=\/wp\/v2\/pages\/2\/revisions\/91"}],"wp:featuredmedia":[{"embeddable":true,"href":"https:\/\/krefeld.fau.org\/index.php?rest_route=\/wp\/v2\/media\/90"}],"wp:attachment":[{"href":"https:\/\/krefeld.fau.org\/index.php?rest_route=%2Fwp%2Fv2%2Fmedia&parent=2"}],"curies":[{"name":"wp","href":"https:\/\/api.w.org\/{rel}","templated":true}]}}